{"id":1491,"date":"2024-09-06T08:41:29","date_gmt":"2024-09-06T08:41:29","guid":{"rendered":"https:\/\/merkes.be\/?page_id=1491"},"modified":"2025-03-21T08:14:20","modified_gmt":"2025-03-21T08:14:20","slug":"urgence","status":"publish","type":"page","link":"https:\/\/merkes-dentiste.lu\/fr\/urgence\/","title":{"rendered":"Urgence"},"content":{"rendered":"\t\t<div data-elementor-type=\"wp-page\" data-elementor-id=\"1491\" class=\"elementor elementor-1491 elementor-639\" data-elementor-settings=\"{&quot;element_pack_global_tooltip_width&quot;:{&quot;unit&quot;:&quot;px&quot;,&quot;size&quot;:&quot;&quot;,&quot;sizes&quot;:[]},&quot;element_pack_global_tooltip_width_tablet&quot;:{&quot;unit&quot;:&quot;px&quot;,&quot;size&quot;:&quot;&quot;,&quot;sizes&quot;:[]},&quot;element_pack_global_tooltip_width_mobile&quot;:{&quot;unit&quot;:&quot;px&quot;,&quot;size&quot;:&quot;&quot;,&quot;sizes&quot;:[]},&quot;element_pack_global_tooltip_padding&quot;:{&quot;unit&quot;:&quot;px&quot;,&quot;top&quot;:&quot;&quot;,&quot;right&quot;:&quot;&quot;,&quot;bottom&quot;:&quot;&quot;,&quot;left&quot;:&quot;&quot;,&quot;isLinked&quot;:true},&quot;element_pack_global_tooltip_padding_tablet&quot;:{&quot;unit&quot;:&quot;px&quot;,&quot;top&quot;:&quot;&quot;,&quot;right&quot;:&quot;&quot;,&quot;bottom&quot;:&quot;&quot;,&quot;left&quot;:&quot;&quot;,&quot;isLinked&quot;:true},&quot;element_pack_global_tooltip_padding_mobile&quot;:{&quot;unit&quot;:&quot;px&quot;,&quot;top&quot;:&quot;&quot;,&quot;right&quot;:&quot;&quot;,&quot;bottom&quot;:&quot;&quot;,&quot;left&quot;:&quot;&quot;,&quot;isLinked&quot;:true},&quot;element_pack_global_tooltip_border_radius&quot;:{&quot;unit&quot;:&quot;px&quot;,&quot;top&quot;:&quot;&quot;,&quot;right&quot;:&quot;&quot;,&quot;bottom&quot;:&quot;&quot;,&quot;left&quot;:&quot;&quot;,&quot;isLinked&quot;:true},&quot;element_pack_global_tooltip_border_radius_tablet&quot;:{&quot;unit&quot;:&quot;px&quot;,&quot;top&quot;:&quot;&quot;,&quot;right&quot;:&quot;&quot;,&quot;bottom&quot;:&quot;&quot;,&quot;left&quot;:&quot;&quot;,&quot;isLinked&quot;:true},&quot;element_pack_global_tooltip_border_radius_mobile&quot;:{&quot;unit&quot;:&quot;px&quot;,&quot;top&quot;:&quot;&quot;,&quot;right&quot;:&quot;&quot;,&quot;bottom&quot;:&quot;&quot;,&quot;left&quot;:&quot;&quot;,&quot;isLinked&quot;:true}}\">\n\t\t\t\t\t\t<div class=\"elementor-section elementor-top-section elementor-element elementor-element-5275b0f elementor-section-boxed elementor-section-height-default elementor-section-height-default\" data-id=\"5275b0f\" data-element_type=\"section\">\n\t\t\t\t\t\t<div class=\"elementor-container elementor-column-gap-default\">\n\t\t\t\t\t<div class=\"elementor-column elementor-col-100 elementor-top-column elementor-element elementor-element-7e42ec7\" data-id=\"7e42ec7\" data-element_type=\"column\">\n\t\t\t<div class=\"elementor-widget-wrap elementor-element-populated\">\n\t\t\t\t\t\t<section class=\"elementor-section elementor-inner-section elementor-element elementor-element-ab850a2 elementor-section-boxed elementor-section-height-default elementor-section-height-default\" data-id=\"ab850a2\" data-element_type=\"section\">\n\t\t\t\t\t\t<div class=\"elementor-container elementor-column-gap-default\">\n\t\t\t\t\t<div class=\"elementor-column elementor-col-100 elementor-inner-column elementor-element elementor-element-6a20349\" data-id=\"6a20349\" data-element_type=\"column\">\n\t\t\t<div class=\"elementor-widget-wrap elementor-element-populated\">\n\t\t\t\t\t\t<div class=\"elementor-element elementor-element-94347ad elementor-widget elementor-widget-image\" data-id=\"94347ad\" data-element_type=\"widget\" data-widget_type=\"image.default\">\n\t\t\t\t<div class=\"elementor-widget-container\">\n\t\t\t\t\t\t\t\t\t\t\t\t\t\t\t<img fetchpriority=\"high\" decoding=\"async\" width=\"1000\" height=\"272\" src=\"https:\/\/merkes-dentiste.lu\/wp-content\/uploads\/2025\/03\/merkes-dentiste-urgence-1024x279.png\" class=\"attachment-large size-large wp-image-1497\" alt=\"\" srcset=\"https:\/\/merkes-dentiste.lu\/wp-content\/uploads\/2025\/03\/merkes-dentiste-urgence-1024x279.png 1024w, https:\/\/merkes-dentiste.lu\/wp-content\/uploads\/2025\/03\/merkes-dentiste-urgence-300x82.png 300w, https:\/\/merkes-dentiste.lu\/wp-content\/uploads\/2025\/03\/merkes-dentiste-urgence-768x209.png 768w, https:\/\/merkes-dentiste.lu\/wp-content\/uploads\/2025\/03\/merkes-dentiste-urgence-1536x419.png 1536w, https:\/\/merkes-dentiste.lu\/wp-content\/uploads\/2025\/03\/merkes-dentiste-urgence-650x177.png 650w, https:\/\/merkes-dentiste.lu\/wp-content\/uploads\/2025\/03\/merkes-dentiste-urgence.png 2000w\" sizes=\"(max-width: 1000px) 100vw, 1000px\" \/>\t\t\t\t\t\t\t\t\t\t\t\t\t\t\t<\/div>\n\t\t\t\t<\/div>\n\t\t\t\t\t<\/div>\n\t\t<\/div>\n\t\t\t\t\t<\/div>\n\t\t<\/section>\n\t\t\t\t\t<\/div>\n\t\t<\/div>\n\t\t\t\t\t<\/div>\n\t\t<\/div>\n\t\t\t\t<div class=\"elementor-section elementor-top-section elementor-element elementor-element-b56ac0d elementor-section-boxed elementor-section-height-default elementor-section-height-default\" data-id=\"b56ac0d\" data-element_type=\"section\" data-settings=\"{&quot;background_background&quot;:&quot;classic&quot;}\">\n\t\t\t\t\t\t<div class=\"elementor-container elementor-column-gap-default\">\n\t\t\t\t\t<div class=\"elementor-column elementor-col-100 elementor-top-column elementor-element elementor-element-5be2bd1\" data-id=\"5be2bd1\" data-element_type=\"column\">\n\t\t\t<div class=\"elementor-widget-wrap elementor-element-populated\">\n\t\t\t\t\t\t<div class=\"elementor-section elementor-inner-section elementor-element elementor-element-a72cc52 elementor-section-boxed elementor-section-height-default elementor-section-height-default\" data-id=\"a72cc52\" data-element_type=\"section\">\n\t\t\t\t\t\t<div class=\"elementor-container elementor-column-gap-default\">\n\t\t\t\t\t<div class=\"elementor-column elementor-col-50 elementor-inner-column elementor-element elementor-element-f3375b0\" data-id=\"f3375b0\" data-element_type=\"column\" data-settings=\"{&quot;background_background&quot;:&quot;classic&quot;}\">\n\t\t\t<div class=\"elementor-widget-wrap elementor-element-populated\">\n\t\t\t\t\t\t<div class=\"elementor-element elementor-element-367e045 elementor-widget elementor-widget-spacer\" data-id=\"367e045\" data-element_type=\"widget\" data-widget_type=\"spacer.default\">\n\t\t\t\t<div class=\"elementor-widget-container\">\n\t\t\t\t\t\t\t<div class=\"elementor-spacer\">\n\t\t\t<div class=\"elementor-spacer-inner\"><\/div>\n\t\t<\/div>\n\t\t\t\t\t\t<\/div>\n\t\t\t\t<\/div>\n\t\t\t\t<div class=\"elementor-element elementor-element-80e5b76 elementor-widget elementor-widget-heading\" data-id=\"80e5b76\" data-element_type=\"widget\" data-widget_type=\"heading.default\">\n\t\t\t\t<div class=\"elementor-widget-container\">\n\t\t\t\t\t<h4 class=\"elementor-heading-title elementor-size-default\">En cas de douleurs d'origine inconnue :<\/h4>\t\t\t\t<\/div>\n\t\t\t\t<\/div>\n\t\t\t\t<div class=\"elementor-element elementor-element-999cc60 elementor-widget-divider--view-line elementor-widget elementor-widget-divider\" data-id=\"999cc60\" data-element_type=\"widget\" data-widget_type=\"divider.default\">\n\t\t\t\t<div class=\"elementor-widget-container\">\n\t\t\t\t\t\t\t<div class=\"elementor-divider\">\n\t\t\t<span class=\"elementor-divider-separator\">\n\t\t\t\t\t\t<\/span>\n\t\t<\/div>\n\t\t\t\t\t\t<\/div>\n\t\t\t\t<\/div>\n\t\t\t\t<div class=\"elementor-element elementor-element-50386bb elementor-widget elementor-widget-text-editor\" data-id=\"50386bb\" data-element_type=\"widget\" data-widget_type=\"text-editor.default\">\n\t\t\t\t<div class=\"elementor-widget-container\">\n\t\t\t\t\t\t\t\t\t<p>Appelez notre cabinet et d\u00e9crivez-nous de quel type de douleur il s&rsquo;agit. (tiraillement, douleur de seconde en seconde au froid, douleur persistante, palpitante&#8230;) En cas de douleur pulsatile, il s&rsquo;agit d&rsquo;une inflammation ou d&rsquo;une suppuration qui augmente la pression et qui doit \u00eatre soulag\u00e9e ! Dans ce cas, vous avez besoin de l&rsquo;aide d&rsquo;un dentiste. Dans ce cas, nous essayons de vous proposer un rendez-vous le plus rapidement possible. En attendant, vous pouvez si n\u00e9cessaire prendre un l\u00e9ger analg\u00e9sique que vous supportez g\u00e9n\u00e9ralement bien. Attention en cas de fortes douleurs accompagn\u00e9es d&rsquo;un gonflement : le coupable est souvent une dent infect\u00e9e morte, il s&rsquo;agit l\u00e0 aussi de prendre un rendez-vous chez le dentiste le plus rapidement possible. Attention en cas de difficult\u00e9s \u00e0 avaler ou \u00e0 respirer en raison d&rsquo;un gonflement, il s&rsquo;agit d&rsquo;une urgence. Passez imm\u00e9diatement au cabinet ou rendez-vous \u00e0 l&rsquo;h\u00f4pital le plus proche !<\/p>\t\t\t\t\t\t\t\t<\/div>\n\t\t\t\t<\/div>\n\t\t\t\t\t<\/div>\n\t\t<\/div>\n\t\t\t\t<div class=\"elementor-column elementor-col-50 elementor-inner-column elementor-element elementor-element-9dafa06\" data-id=\"9dafa06\" data-element_type=\"column\" data-settings=\"{&quot;background_background&quot;:&quot;classic&quot;}\">\n\t\t\t<div class=\"elementor-widget-wrap elementor-element-populated\">\n\t\t\t\t\t\t<div class=\"elementor-element elementor-element-9998f31 elementor-widget elementor-widget-spacer\" data-id=\"9998f31\" data-element_type=\"widget\" data-widget_type=\"spacer.default\">\n\t\t\t\t<div class=\"elementor-widget-container\">\n\t\t\t\t\t\t\t<div class=\"elementor-spacer\">\n\t\t\t<div class=\"elementor-spacer-inner\"><\/div>\n\t\t<\/div>\n\t\t\t\t\t\t<\/div>\n\t\t\t\t<\/div>\n\t\t\t\t<div class=\"elementor-element elementor-element-a7c8e5e elementor-widget elementor-widget-heading\" data-id=\"a7c8e5e\" data-element_type=\"widget\" data-widget_type=\"heading.default\">\n\t\t\t\t<div class=\"elementor-widget-container\">\n\t\t\t\t\t<h4 class=\"elementor-heading-title elementor-size-default\">En cas de douleurs apr\u00e8s une extraction dentaire ou d'autres interventions chirurgicales dans la r\u00e9gion de la bouche et de la m\u00e2choire :<\/h4>\t\t\t\t<\/div>\n\t\t\t\t<\/div>\n\t\t\t\t<div class=\"elementor-element elementor-element-271d752 elementor-widget-divider--view-line elementor-widget elementor-widget-divider\" data-id=\"271d752\" data-element_type=\"widget\" data-widget_type=\"divider.default\">\n\t\t\t\t<div class=\"elementor-widget-container\">\n\t\t\t\t\t\t\t<div class=\"elementor-divider\">\n\t\t\t<span class=\"elementor-divider-separator\">\n\t\t\t\t\t\t<\/span>\n\t\t<\/div>\n\t\t\t\t\t\t<\/div>\n\t\t\t\t<\/div>\n\t\t\t\t<div class=\"elementor-element elementor-element-92bde17 elementor-widget elementor-widget-text-editor\" data-id=\"92bde17\" data-element_type=\"widget\" data-widget_type=\"text-editor.default\">\n\t\t\t\t<div class=\"elementor-widget-container\">\n\t\t\t\t\t\t\t\t\t<p>De l\u00e9g\u00e8res douleurs apr\u00e8s une intervention dans la bouche ou la m\u00e2choire ne sont pas inhabituelles, mais si elles persistent ou s&rsquo;intensifient apr\u00e8s trois jours, contactez-nous imm\u00e9diatement. En cas de douleurs l\u00e9g\u00e8res, vous pouvez acheter en pharmacie des m\u00e9dicaments que vous supportez bien. Il ne faut pas prendre d&rsquo;antalgiques qui fluidifient le sang.<\/p>\t\t\t\t\t\t\t\t<\/div>\n\t\t\t\t<\/div>\n\t\t\t\t\t<\/div>\n\t\t<\/div>\n\t\t\t\t\t<\/div>\n\t\t<\/div>\n\t\t\t\t<div class=\"elementor-section elementor-inner-section elementor-element elementor-element-f6b8652 elementor-section-boxed elementor-section-height-default elementor-section-height-default\" data-id=\"f6b8652\" data-element_type=\"section\">\n\t\t\t\t\t\t<div class=\"elementor-container elementor-column-gap-default\">\n\t\t\t\t\t<div class=\"elementor-column elementor-col-50 elementor-inner-column elementor-element elementor-element-c368d39\" data-id=\"c368d39\" data-element_type=\"column\" id=\"lachgas\" data-settings=\"{&quot;background_background&quot;:&quot;classic&quot;}\">\n\t\t\t<div class=\"elementor-widget-wrap elementor-element-populated\">\n\t\t\t\t\t\t<div class=\"elementor-element elementor-element-ad2c4e9 elementor-widget elementor-widget-spacer\" data-id=\"ad2c4e9\" data-element_type=\"widget\" data-widget_type=\"spacer.default\">\n\t\t\t\t<div class=\"elementor-widget-container\">\n\t\t\t\t\t\t\t<div class=\"elementor-spacer\">\n\t\t\t<div class=\"elementor-spacer-inner\"><\/div>\n\t\t<\/div>\n\t\t\t\t\t\t<\/div>\n\t\t\t\t<\/div>\n\t\t\t\t<div class=\"elementor-element elementor-element-232d298 elementor-widget elementor-widget-heading\" data-id=\"232d298\" data-element_type=\"widget\" data-widget_type=\"heading.default\">\n\t\t\t\t<div class=\"elementor-widget-container\">\n\t\t\t\t\t<h4 class=\"elementor-heading-title elementor-size-default\">Perte de dents ou fracture apr\u00e8s une chute ou un traumatisme :<\/h4>\t\t\t\t<\/div>\n\t\t\t\t<\/div>\n\t\t\t\t<div class=\"elementor-element elementor-element-d4f1ad3 elementor-widget-divider--view-line elementor-widget elementor-widget-divider\" data-id=\"d4f1ad3\" data-element_type=\"widget\" data-widget_type=\"divider.default\">\n\t\t\t\t<div class=\"elementor-widget-container\">\n\t\t\t\t\t\t\t<div class=\"elementor-divider\">\n\t\t\t<span class=\"elementor-divider-separator\">\n\t\t\t\t\t\t<\/span>\n\t\t<\/div>\n\t\t\t\t\t\t<\/div>\n\t\t\t\t<\/div>\n\t\t\t\t<div class=\"elementor-element elementor-element-43f406d elementor-widget elementor-widget-text-editor\" data-id=\"43f406d\" data-element_type=\"widget\" data-widget_type=\"text-editor.default\">\n\t\t\t\t<div class=\"elementor-widget-container\">\n\t\t\t\t\t\t\t\t\t<p>Si une dent est compl\u00e8tement arrach\u00e9e suite \u00e0 un traumatisme, vous devez la placer le plus rapidement possible dans une bo\u00eete de sauvetage de dents ou dans du lait. N&rsquo;essuyez pas la dent et ne la nettoyez pas avec du savon ou d&rsquo;autres liquides, car le p\u00e9riodonte doit rester intact pour que la dent puisse \u00eatre remise en place avec succ\u00e8s. Consultez votre dentiste \u00e0 cet effet. S&rsquo;il ne manque qu&rsquo;un morceau de dent, essayez de trouver le morceau manquant. Le dentiste d\u00e9cidera de la marche \u00e0 suivre en fonction de la blessure de la dent. Il d\u00e9cidera si la dent doit \u00eatre scell\u00e9e, trait\u00e9e au niveau des racines ou recouverte pour la prot\u00e9ger des caries et des toxines externes.<\/p>\t\t\t\t\t\t\t\t<\/div>\n\t\t\t\t<\/div>\n\t\t\t\t\t<\/div>\n\t\t<\/div>\n\t\t\t\t<div class=\"elementor-column elementor-col-50 elementor-inner-column elementor-element elementor-element-8df5b69\" data-id=\"8df5b69\" data-element_type=\"column\" data-settings=\"{&quot;background_background&quot;:&quot;classic&quot;}\">\n\t\t\t<div class=\"elementor-widget-wrap elementor-element-populated\">\n\t\t\t\t\t\t<div class=\"elementor-element elementor-element-b26e957 elementor-widget elementor-widget-spacer\" data-id=\"b26e957\" data-element_type=\"widget\" data-widget_type=\"spacer.default\">\n\t\t\t\t<div class=\"elementor-widget-container\">\n\t\t\t\t\t\t\t<div class=\"elementor-spacer\">\n\t\t\t<div class=\"elementor-spacer-inner\"><\/div>\n\t\t<\/div>\n\t\t\t\t\t\t<\/div>\n\t\t\t\t<\/div>\n\t\t\t\t<div class=\"elementor-element elementor-element-d9d7d0c elementor-widget elementor-widget-heading\" data-id=\"d9d7d0c\" data-element_type=\"widget\" data-widget_type=\"heading.default\">\n\t\t\t\t<div class=\"elementor-widget-container\">\n\t\t\t\t\t<h4 class=\"elementor-heading-title elementor-size-default\">Comportement apr\u00e8s une intervention dans la r\u00e9gion buccale et maxillaire :<\/h4>\t\t\t\t<\/div>\n\t\t\t\t<\/div>\n\t\t\t\t<div class=\"elementor-element elementor-element-849af5a elementor-widget-divider--view-line elementor-widget elementor-widget-divider\" data-id=\"849af5a\" data-element_type=\"widget\" data-widget_type=\"divider.default\">\n\t\t\t\t<div class=\"elementor-widget-container\">\n\t\t\t\t\t\t\t<div class=\"elementor-divider\">\n\t\t\t<span class=\"elementor-divider-separator\">\n\t\t\t\t\t\t<\/span>\n\t\t<\/div>\n\t\t\t\t\t\t<\/div>\n\t\t\t\t<\/div>\n\t\t\t\t<div class=\"elementor-element elementor-element-021c7fe elementor-widget elementor-widget-text-editor\" data-id=\"021c7fe\" data-element_type=\"widget\" data-widget_type=\"text-editor.default\">\n\t\t\t\t<div class=\"elementor-widget-container\">\n\t\t\t\t\t\t\t\t\t<p>Apr\u00e8s une intervention ou l&rsquo;extraction d&rsquo;une dent, vous devez absolument \u00e9viter le tabac, l&rsquo;alcool, le caf\u00e9 et les aliments chauds, car ils irritent la plaie et ralentissent la gu\u00e9rison. Les aliments extr\u00eamement froids ne doivent pas non plus entrer en contact direct avec la plaie. Cela signifie \u00e9galement que vous ne devez pas appliquer de glace ou d&rsquo;\u00e9l\u00e9ments r\u00e9frig\u00e9rants directement sur la plaie ou l&rsquo;enflure, mais les envelopper dans un linge. \u00c9vitez de vous rincer vigoureusement la bouche et veillez \u00e0 une hygi\u00e8ne buccale optimale en douceur. (Utilisez une brosse \u00e0 dents \u00e0 poils souples.) Prenez les m\u00e9dicaments prescrits conform\u00e9ment \u00e0 l&rsquo;ordonnance. Il ne faut pas prendre de sa propre initiative des analg\u00e9siques qui fluidifient le sang. De l\u00e9g\u00e8res douleurs apr\u00e8s une intervention dans la bouche ou la m\u00e2choire ne sont pas inhabituelles, mais si elles persistent ou s&rsquo;intensifient apr\u00e8s trois jours, contactez-nous imm\u00e9diatement ou votre dentiste habituel.<\/p>\t\t\t\t\t\t\t\t<\/div>\n\t\t\t\t<\/div>\n\t\t\t\t\t<\/div>\n\t\t<\/div>\n\t\t\t\t\t<\/div>\n\t\t<\/div>\n\t\t\t\t\t<\/div>\n\t\t<\/div>\n\t\t\t\t\t<\/div>\n\t\t<\/div>\n\t\t\t\t<\/div>\n\t\t","protected":false},"excerpt":{"rendered":"<p>En cas de douleurs d&rsquo;origine inconnue : Appelez notre cabinet et d\u00e9crivez-nous de quel type de douleur il s&rsquo;agit. (tiraillement, douleur de [&hellip;]<\/p>\n","protected":false},"author":1,"featured_media":0,"parent":0,"menu_order":0,"comment_status":"closed","ping_status":"closed","template":"","meta":{"_monsterinsights_skip_tracking":false,"_monsterinsights_sitenote_active":false,"_monsterinsights_sitenote_note":"","_monsterinsights_sitenote_category":0,"footnotes":""},"class_list":["post-1491","page","type-page","status-publish","hentry"],"aioseo_notices":[],"_links":{"self":[{"href":"https:\/\/merkes-dentiste.lu\/fr\/wp-json\/wp\/v2\/pages\/1491","targetHints":{"allow":["GET"]}}],"collection":[{"href":"https:\/\/merkes-dentiste.lu\/fr\/wp-json\/wp\/v2\/pages"}],"about":[{"href":"https:\/\/merkes-dentiste.lu\/fr\/wp-json\/wp\/v2\/types\/page"}],"author":[{"embeddable":true,"href":"https:\/\/merkes-dentiste.lu\/fr\/wp-json\/wp\/v2\/users\/1"}],"replies":[{"embeddable":true,"href":"https:\/\/merkes-dentiste.lu\/fr\/wp-json\/wp\/v2\/comments?post=1491"}],"version-history":[{"count":15,"href":"https:\/\/merkes-dentiste.lu\/fr\/wp-json\/wp\/v2\/pages\/1491\/revisions"}],"predecessor-version":[{"id":1606,"href":"https:\/\/merkes-dentiste.lu\/fr\/wp-json\/wp\/v2\/pages\/1491\/revisions\/1606"}],"wp:attachment":[{"href":"https:\/\/merkes-dentiste.lu\/fr\/wp-json\/wp\/v2\/media?parent=1491"}],"curies":[{"name":"wp","href":"https:\/\/api.w.org\/{rel}","templated":true}]}}